{"id":290,"date":"2021-06-28T10:23:38","date_gmt":"2021-06-28T10:23:38","guid":{"rendered":"http:\/\/humexco.com.vn\/?page_id=290"},"modified":"2021-06-28T10:23:38","modified_gmt":"2021-06-28T10:23:38","slug":"news-events","status":"publish","type":"page","link":"https:\/\/humexco.com.vn\/en\/news-events\/","title":{"rendered":"News &#038; Events"},"content":{"rendered":"<p>Activity images<\/p>\n<div class=\"rl-gallery-container rl-loading\" id=\"rl-gallery-container-1\" data-gallery_id=\"156\"> <div class=\"rl-gallery rl-basicgrid-gallery \" id=\"rl-gallery-1\" data-gallery_no=\"1\"> <div class=\"rl-gallery-item\"><a href=\"https:\/\/humexco.com.vn\/wp-content\/uploads\/2021\/06\/6-crop.jpg\" title=\"L\u00e3nh \u0111\u1ea1o S\u1edf T\u00e0i Ch\u00ednh t\u1ec9nh t\u1ea1i \u0110\u1ea1i H\u1ed9i \u0110\u1ed3ng C\u1ed5 \u0110\u00f4ng th\u00e0nh l\u1eadp C\u00f4ng ty CP Kho\u00e1ng S\u1ea3n TT-Hu\u1ebf.\" data-rl_title=\"L\u00e3nh \u0111\u1ea1o S\u1edf T\u00e0i Ch\u00ednh t\u1ec9nh t\u1ea1i \u0110\u1ea1i H\u1ed9i \u0110\u1ed3ng C\u1ed5 \u0110\u00f4ng th\u00e0nh l\u1eadp C\u00f4ng ty CP Kho\u00e1ng S\u1ea3n TT-Hu\u1ebf.\" class=\"rl-gallery-link\" data-rl_caption=\"\" data-rel=\"lightbox-gallery-1\"><img loading=\"lazy\" decoding=\"async\" src=\"https:\/\/humexco.com.vn\/wp-content\/uploads\/2021\/06\/6-crop-300x269.jpg\" width=\"300\" height=\"269\" alt=\"\"\/><span class=\"rl-gallery-caption\"><span class=\"rl-gallery-item-caption\">L\u00e3nh \u0111\u1ea1o S\u1edf T\u00e0i Ch\u00ednh t\u1ec9nh t\u1ea1i \u0110\u1ea1i H\u1ed9i \u0110\u1ed3ng C\u1ed5 \u0110\u00f4ng th\u00e0nh l\u1eadp C\u00f4ng ty CP Kho\u00e1ng S\u1ea3n TT-Hu\u1ebf.<\/span><\/span><\/a><\/div><div class=\"rl-gallery-item\"><a href=\"https:\/\/humexco.com.vn\/wp-content\/uploads\/2021\/06\/5-crop.jpg\" title=\"L\u00e3nh \u0111\u1ea1o S\u1edf N\u1ed9i V\u1ee5 t\u1ea1i \u0110\u1ea1i H\u1ed9i \u0110\u1ed3ng C\u1ed5 \u0110\u00f4ng th\u00e0nh l\u1eadp c\u00f4ng ty CP Kho\u00e1ng S\u1ea3n TT-Hu\u1ebf.\" data-rl_title=\"L\u00e3nh \u0111\u1ea1o S\u1edf N\u1ed9i V\u1ee5 t\u1ea1i \u0110\u1ea1i H\u1ed9i \u0110\u1ed3ng C\u1ed5 \u0110\u00f4ng th\u00e0nh l\u1eadp c\u00f4ng ty CP Kho\u00e1ng S\u1ea3n TT-Hu\u1ebf.\" class=\"rl-gallery-link\" data-rl_caption=\"\" data-rel=\"lightbox-gallery-1\"><img loading=\"lazy\" decoding=\"async\" src=\"https:\/\/humexco.com.vn\/wp-content\/uploads\/2021\/06\/5-crop-300x233.jpg\" width=\"300\" height=\"233\" alt=\"\"\/><span class=\"rl-gallery-caption\"><span class=\"rl-gallery-item-caption\">L\u00e3nh \u0111\u1ea1o S\u1edf N\u1ed9i V\u1ee5 t\u1ea1i \u0110\u1ea1i H\u1ed9i \u0110\u1ed3ng C\u1ed5 \u0110\u00f4ng th\u00e0nh l\u1eadp c\u00f4ng ty CP Kho\u00e1ng S\u1ea3n TT-Hu\u1ebf.<\/span><\/span><\/a><\/div><div class=\"rl-gallery-item\"><a href=\"https:\/\/humexco.com.vn\/wp-content\/uploads\/2021\/06\/4-crop.jpg\" title=\"H\u00ecnh \u1ea3nh \u0110\u1ea1i H\u1ed9i \u0110\u1ed3ng C\u1ed5 \u0110\u00f4ng th\u00e0nh l\u1eadp C\u00f4ng ty CP Kho\u00e1ng S\u1ea3n TT-Hu\u1ebf\" data-rl_title=\"H\u00ecnh \u1ea3nh \u0110\u1ea1i H\u1ed9i \u0110\u1ed3ng C\u1ed5 \u0110\u00f4ng th\u00e0nh l\u1eadp C\u00f4ng ty CP Kho\u00e1ng S\u1ea3n TT-Hu\u1ebf\" class=\"rl-gallery-link\" data-rl_caption=\"\" data-rel=\"lightbox-gallery-1\"><img loading=\"lazy\" decoding=\"async\" src=\"https:\/\/humexco.com.vn\/wp-content\/uploads\/2021\/06\/4-crop-300x205.jpg\" width=\"300\" height=\"205\" alt=\"\"\/><span class=\"rl-gallery-caption\"><span class=\"rl-gallery-item-caption\">H\u00ecnh \u1ea3nh \u0110\u1ea1i H\u1ed9i \u0110\u1ed3ng C\u1ed5 \u0110\u00f4ng th\u00e0nh l\u1eadp C\u00f4ng ty CP Kho\u00e1ng S\u1ea3n TT-Hu\u1ebf<\/span><\/span><\/a><\/div><div class=\"rl-gallery-item\"><a href=\"https:\/\/humexco.com.vn\/wp-content\/uploads\/2021\/06\/2-crop.jpg\" title=\"H\u1ed9i \u0110\u1ed3ng Qu\u1ea3n Tr\u1ecb C\u00f4ng ty CP Kho\u00e1ng S\u1ea3n TT-Hu\u1ebf\" data-rl_title=\"H\u1ed9i \u0110\u1ed3ng Qu\u1ea3n Tr\u1ecb C\u00f4ng ty CP Kho\u00e1ng S\u1ea3n TT-Hu\u1ebf\" class=\"rl-gallery-link\" data-rl_caption=\"\" data-rel=\"lightbox-gallery-1\"><img loading=\"lazy\" decoding=\"async\" src=\"https:\/\/humexco.com.vn\/wp-content\/uploads\/2021\/06\/2-crop-300x205.jpg\" width=\"300\" height=\"205\" alt=\"\"\/><span class=\"rl-gallery-caption\"><span class=\"rl-gallery-item-caption\">H\u1ed9i \u0110\u1ed3ng Qu\u1ea3n Tr\u1ecb C\u00f4ng ty CP Kho\u00e1ng S\u1ea3n TT-Hu\u1ebf<\/span><\/span><\/a><\/div><div class=\"rl-gallery-item\"><a href=\"https:\/\/humexco.com.vn\/wp-content\/uploads\/2021\/06\/3.jpg\" title=\"Ban ki\u1ec3m so\u00e1t\" data-rl_title=\"Ban ki\u1ec3m so\u00e1t\" class=\"rl-gallery-link\" data-rl_caption=\"\" data-rel=\"lightbox-gallery-1\"><img loading=\"lazy\" decoding=\"async\" src=\"https:\/\/humexco.com.vn\/wp-content\/uploads\/2021\/06\/3-300x219.jpg\" width=\"300\" height=\"219\" alt=\"\"\/><span class=\"rl-gallery-caption\"><span class=\"rl-gallery-item-caption\">Ban ki\u1ec3m so\u00e1t<\/span><\/span><\/a><\/div><div class=\"rl-gallery-item\"><a href=\"https:\/\/humexco.com.vn\/wp-content\/uploads\/2021\/06\/1-crop.jpg\" title=\"H\u1ed9i \u0111\u1ed3ng qu\u1ea3n tr\u1ecb v\u00e0 Ban ki\u1ec3m so\u00e1t C\u00f4ng ty C\u1ed5 Ph\u1ea7n Kho\u00e1ng S\u1ea3n TT-Hu\u1ebf\" data-rl_title=\"H\u1ed9i \u0111\u1ed3ng qu\u1ea3n tr\u1ecb v\u00e0 Ban ki\u1ec3m so\u00e1t C\u00f4ng ty C\u1ed5 Ph\u1ea7n Kho\u00e1ng S\u1ea3n TT-Hu\u1ebf\" class=\"rl-gallery-link\" data-rl_caption=\"\" data-rel=\"lightbox-gallery-1\"><img loading=\"lazy\" decoding=\"async\" src=\"https:\/\/humexco.com.vn\/wp-content\/uploads\/2021\/06\/1-crop-300x186.jpg\" width=\"300\" height=\"186\" alt=\"\"\/><span class=\"rl-gallery-caption\"><span class=\"rl-gallery-item-caption\">H\u1ed9i \u0111\u1ed3ng qu\u1ea3n tr\u1ecb v\u00e0 Ban ki\u1ec3m so\u00e1t C\u00f4ng ty C\u1ed5 Ph\u1ea7n Kho\u00e1ng S\u1ea3n TT-Hu\u1ebf<\/span><\/span><\/a><\/div><div class=\"rl-gallery-item\"><a href=\"https:\/\/humexco.com.vn\/wp-content\/uploads\/2021\/06\/nha_may_che_bien_tai_kcn_phu_bai.jpg\" title=\"Nh\u00e0 m\u00e1y ch\u1ebf bi\u1ebfn v\u00e0 nghi\u1ec1n m\u1ecbn Zircon t\u1ea1i KCN Ph\u00fa b\u00e0i, TT-Hu\u1ebf\" data-rl_title=\"Nh\u00e0 m\u00e1y ch\u1ebf bi\u1ebfn v\u00e0 nghi\u1ec1n m\u1ecbn Zircon t\u1ea1i KCN Ph\u00fa b\u00e0i, TT-Hu\u1ebf\" class=\"rl-gallery-link\" data-rl_caption=\"\" data-rel=\"lightbox-gallery-1\"><img loading=\"lazy\" decoding=\"async\" src=\"https:\/\/humexco.com.vn\/wp-content\/uploads\/2021\/06\/nha_may_che_bien_tai_kcn_phu_bai-300x179.jpg\" width=\"300\" height=\"179\" alt=\"\"\/><span class=\"rl-gallery-caption\"><span class=\"rl-gallery-item-caption\">Nh\u00e0 m\u00e1y ch\u1ebf bi\u1ebfn v\u00e0 nghi\u1ec1n m\u1ecbn Zircon t\u1ea1i KCN Ph\u00fa b\u00e0i, TT-Hu\u1ebf<\/span><\/span><\/a><\/div><div class=\"rl-gallery-item\"><a href=\"https:\/\/humexco.com.vn\/wp-content\/uploads\/2021\/06\/scan10003.jpg\" title=\"L\u00e3nh \u0111\u1ea1o t\u1ec9nh th\u0103m v\u00e0 l\u00e0m vi\u1ec7c t\u1ea1i nh\u00e0 m\u00e1y Titan Ph\u00fa b\u00e0i\" data-rl_title=\"L\u00e3nh \u0111\u1ea1o t\u1ec9nh th\u0103m v\u00e0 l\u00e0m vi\u1ec7c t\u1ea1i nh\u00e0 m\u00e1y Titan Ph\u00fa b\u00e0i\" class=\"rl-gallery-link\" data-rl_caption=\"\" data-rel=\"lightbox-gallery-1\"><img loading=\"lazy\" decoding=\"async\" src=\"https:\/\/humexco.com.vn\/wp-content\/uploads\/2021\/06\/scan10003-300x201.jpg\" width=\"300\" height=\"201\" alt=\"\"\/><span class=\"rl-gallery-caption\"><span class=\"rl-gallery-item-caption\">L\u00e3nh \u0111\u1ea1o t\u1ec9nh th\u0103m v\u00e0 l\u00e0m vi\u1ec7c t\u1ea1i nh\u00e0 m\u00e1y Titan Ph\u00fa b\u00e0i<\/span><\/span><\/a><\/div><div class=\"rl-gallery-item\"><a href=\"https:\/\/humexco.com.vn\/wp-content\/uploads\/2021\/06\/dsc_0629-2.jpg\" title=\"C\u00e1c \u0111\/c l\u00e3nh \u0111\u1ea1o t\u1ec9nh c\u1eaft b\u0103ng kh\u00e1nh th\u00e0nh nh\u00e0 m\u00e1y x\u1ec9 Titan\" data-rl_title=\"C\u00e1c \u0111\/c l\u00e3nh \u0111\u1ea1o t\u1ec9nh c\u1eaft b\u0103ng kh\u00e1nh th\u00e0nh nh\u00e0 m\u00e1y x\u1ec9 Titan\" class=\"rl-gallery-link\" data-rl_caption=\"\" data-rel=\"lightbox-gallery-1\"><img loading=\"lazy\" decoding=\"async\" src=\"https:\/\/humexco.com.vn\/wp-content\/uploads\/2021\/06\/dsc_0629-2-300x194.jpg\" width=\"300\" height=\"194\" alt=\"\"\/><span class=\"rl-gallery-caption\"><span class=\"rl-gallery-item-caption\">C\u00e1c \u0111\/c l\u00e3nh \u0111\u1ea1o t\u1ec9nh c\u1eaft b\u0103ng kh\u00e1nh th\u00e0nh nh\u00e0 m\u00e1y x\u1ec9 Titan<\/span><\/span><\/a><\/div><div class=\"rl-gallery-item\"><a href=\"https:\/\/humexco.com.vn\/wp-content\/uploads\/2021\/06\/picture1.jpg\" title=\"Nh\u00e0 m\u00e1y x\u1ec9 Titan Th\u1eeba Thi\u00ean Hu\u1ebf &#8211; C\u00f4ng su\u1ea5t 10.000 t\u1ea5n\/n\u0103m\" data-rl_title=\"Nh\u00e0 m\u00e1y x\u1ec9 Titan Th\u1eeba Thi\u00ean Hu\u1ebf &#8211; C\u00f4ng su\u1ea5t 10.000 t\u1ea5n\/n\u0103m\" class=\"rl-gallery-link\" data-rl_caption=\"\" data-rel=\"lightbox-gallery-1\"><img loading=\"lazy\" decoding=\"async\" src=\"https:\/\/humexco.com.vn\/wp-content\/uploads\/2021\/06\/picture1-292x300.jpg\" width=\"292\" height=\"300\" alt=\"\"\/><span class=\"rl-gallery-caption\"><span class=\"rl-gallery-item-caption\">Nh\u00e0 m\u00e1y x\u1ec9 Titan Th\u1eeba Thi\u00ean Hu\u1ebf &#8211; C\u00f4ng su\u1ea5t 10.000 t\u1ea5n\/n\u0103m<\/span><\/span><\/a><\/div><div class=\"rl-gallery-item\"><a href=\"https:\/\/humexco.com.vn\/wp-content\/uploads\/2021\/06\/dsc_0616-1.jpg\" title=\"\u0110\/c B\u00ed th\u01b0 t\u1ec9nh u\u1ef7 Nguy\u1ec5n Ng\u1ecdc Thi\u1ec7n t\u1eb7ng hoa ch\u00fac m\u1eebng t\u1ea1i l\u1ec5 kh\u00e1nh th\u00e0nh nh\u00e0 m\u00e1y x\u1ec9 Titan\" data-rl_title=\"\u0110\/c B\u00ed th\u01b0 t\u1ec9nh u\u1ef7 Nguy\u1ec5n Ng\u1ecdc Thi\u1ec7n t\u1eb7ng hoa ch\u00fac m\u1eebng t\u1ea1i l\u1ec5 kh\u00e1nh th\u00e0nh nh\u00e0 m\u00e1y x\u1ec9 Titan\" class=\"rl-gallery-link\" data-rl_caption=\"\" data-rel=\"lightbox-gallery-1\"><img loading=\"lazy\" decoding=\"async\" src=\"https:\/\/humexco.com.vn\/wp-content\/uploads\/2021\/06\/dsc_0616-1-300x212.jpg\" width=\"300\" height=\"212\" alt=\"\"\/><span class=\"rl-gallery-caption\"><span class=\"rl-gallery-item-caption\">\u0110\/c B\u00ed th\u01b0 t\u1ec9nh u\u1ef7 Nguy\u1ec5n Ng\u1ecdc Thi\u1ec7n t\u1eb7ng hoa ch\u00fac m\u1eebng t\u1ea1i l\u1ec5 kh\u00e1nh th\u00e0nh nh\u00e0 m\u00e1y x\u1ec9 Titan<\/span><\/span><\/a><\/div><div class=\"rl-gallery-item\"><a href=\"https:\/\/humexco.com.vn\/wp-content\/uploads\/2021\/06\/dsc_0613-2.jpg\" title=\"\u0110\/c ch\u1ee7 t\u1ecbch t\u1ec9nh Nguy\u1ec5n V\u0103n Cao ph\u00e1t bi\u1ec3u t\u1ea1i l\u1ec5 kh\u00e1nh th\u00e0nh nh\u00e0 m\u00e1y x\u1ec9 Titan\" data-rl_title=\"\u0110\/c ch\u1ee7 t\u1ecbch t\u1ec9nh Nguy\u1ec5n V\u0103n Cao ph\u00e1t bi\u1ec3u t\u1ea1i l\u1ec5 kh\u00e1nh th\u00e0nh nh\u00e0 m\u00e1y x\u1ec9 Titan\" class=\"rl-gallery-link\" data-rl_caption=\"\" data-rel=\"lightbox-gallery-1\"><img loading=\"lazy\" decoding=\"async\" src=\"https:\/\/humexco.com.vn\/wp-content\/uploads\/2021\/06\/dsc_0613-2-300x200.jpg\" width=\"300\" height=\"200\" alt=\"\"\/><span class=\"rl-gallery-caption\"><span class=\"rl-gallery-item-caption\">\u0110\/c ch\u1ee7 t\u1ecbch t\u1ec9nh Nguy\u1ec5n V\u0103n Cao ph\u00e1t bi\u1ec3u t\u1ea1i l\u1ec5 kh\u00e1nh th\u00e0nh nh\u00e0 m\u00e1y x\u1ec9 Titan<\/span><\/span><\/a><\/div><div class=\"rl-gallery-item\"><a href=\"https:\/\/humexco.com.vn\/wp-content\/uploads\/2021\/06\/img_1990-1.jpg\" title=\"Nh\u00e0 m\u00e1y X\u1ec9 Titan Th\u1eeba Thi\u00ean Hu\u1ebf\" data-rl_title=\"Nh\u00e0 m\u00e1y X\u1ec9 Titan Th\u1eeba Thi\u00ean Hu\u1ebf\" class=\"rl-gallery-link\" data-rl_caption=\"\" data-rel=\"lightbox-gallery-1\"><img loading=\"lazy\" decoding=\"async\" src=\"https:\/\/humexco.com.vn\/wp-content\/uploads\/2021\/06\/img_1990-1-300x161.jpg\" width=\"300\" height=\"161\" alt=\"\"\/><span class=\"rl-gallery-caption\"><span class=\"rl-gallery-item-caption\">Nh\u00e0 m\u00e1y X\u1ec9 Titan Th\u1eeba Thi\u00ean Hu\u1ebf<\/span><\/span><\/a><\/div><div class=\"rl-gallery-item\"><a href=\"https:\/\/humexco.com.vn\/wp-content\/uploads\/2021\/06\/img_1419.jpg\" title=\"Nh\u00e0 m\u00e1y X\u1ec9 Titan Th\u1eeba Thi\u00ean Hu\u1ebf\" data-rl_title=\"Nh\u00e0 m\u00e1y X\u1ec9 Titan Th\u1eeba Thi\u00ean Hu\u1ebf\" class=\"rl-gallery-link\" data-rl_caption=\"\" data-rel=\"lightbox-gallery-1\"><img loading=\"lazy\" decoding=\"async\" src=\"https:\/\/humexco.com.vn\/wp-content\/uploads\/2021\/06\/img_1419-300x136.jpg\" width=\"300\" height=\"136\" alt=\"\"\/><span class=\"rl-gallery-caption\"><span class=\"rl-gallery-item-caption\">Nh\u00e0 m\u00e1y X\u1ec9 Titan Th\u1eeba Thi\u00ean Hu\u1ebf<\/span><\/span><\/a><\/div><div class=\"rl-gallery-item\"><a href=\"https:\/\/humexco.com.vn\/wp-content\/uploads\/2021\/06\/img_1426-1.jpg\" title=\"Nh\u00e0 \u0111i\u1ec1u h\u00e0nh nh\u00e0 m\u00e1y x\u1ec9 Titan Th\u1eeba Thi\u00ean Hu\u1ebf\" data-rl_title=\"Nh\u00e0 \u0111i\u1ec1u h\u00e0nh nh\u00e0 m\u00e1y x\u1ec9 Titan Th\u1eeba Thi\u00ean Hu\u1ebf\" class=\"rl-gallery-link\" data-rl_caption=\"\" data-rel=\"lightbox-gallery-1\"><img loading=\"lazy\" decoding=\"async\" src=\"https:\/\/humexco.com.vn\/wp-content\/uploads\/2021\/06\/img_1426-1-300x170.jpg\" width=\"300\" height=\"170\" alt=\"\"\/><span class=\"rl-gallery-caption\"><span class=\"rl-gallery-item-caption\">Nh\u00e0 \u0111i\u1ec1u h\u00e0nh nh\u00e0 m\u00e1y x\u1ec9 Titan Th\u1eeba Thi\u00ean Hu\u1ebf<\/span><\/span><\/a><\/div><div class=\"rl-gallery-item\"><a href=\"https:\/\/humexco.com.vn\/wp-content\/uploads\/2021\/06\/img_1997_copy.jpg\" title=\"L\u00f2 luy\u1ec7n x\u1ec9 b\u1eb1ng c\u00f4ng ngh\u1ec7 h\u1ed3 quang \u0111i\u1ec7n\" data-rl_title=\"L\u00f2 luy\u1ec7n x\u1ec9 b\u1eb1ng c\u00f4ng ngh\u1ec7 h\u1ed3 quang \u0111i\u1ec7n\" class=\"rl-gallery-link\" data-rl_caption=\"\" data-rel=\"lightbox-gallery-1\"><img loading=\"lazy\" decoding=\"async\" src=\"https:\/\/humexco.com.vn\/wp-content\/uploads\/2021\/06\/img_1997_copy-300x169.jpg\" width=\"300\" height=\"169\" alt=\"\"\/><span class=\"rl-gallery-caption\"><span class=\"rl-gallery-item-caption\">L\u00f2 luy\u1ec7n x\u1ec9 b\u1eb1ng c\u00f4ng ngh\u1ec7 h\u1ed3 quang \u0111i\u1ec7n<\/span><\/span><\/a><\/div><div class=\"rl-gallery-item\"><a href=\"https:\/\/humexco.com.vn\/wp-content\/uploads\/2021\/06\/dsc_0564.jpg\" title=\"Nh\u00e0 x\u01b0\u1edfng Titan\" data-rl_title=\"Nh\u00e0 x\u01b0\u1edfng Titan\" class=\"rl-gallery-link\" data-rl_caption=\"\" data-rel=\"lightbox-gallery-1\"><img loading=\"lazy\" decoding=\"async\" src=\"https:\/\/humexco.com.vn\/wp-content\/uploads\/2021\/06\/dsc_0564-300x177.jpg\" width=\"300\" height=\"177\" alt=\"\"\/><span class=\"rl-gallery-caption\"><span class=\"rl-gallery-item-caption\">Nh\u00e0 x\u01b0\u1edfng Titan<\/span><\/span><\/a><\/div><div class=\"rl-gallery-item\"><a href=\"https:\/\/humexco.com.vn\/wp-content\/uploads\/2021\/06\/he_thong_may_moc_thiet_bi.jpg\" title=\"M\u00e1y m\u00f3c thi\u1ebft b\u1ecb\" data-rl_title=\"M\u00e1y m\u00f3c thi\u1ebft b\u1ecb\" class=\"rl-gallery-link\" data-rl_caption=\"\" data-rel=\"lightbox-gallery-1\"><img loading=\"lazy\" decoding=\"async\" src=\"https:\/\/humexco.com.vn\/wp-content\/uploads\/2021\/06\/he_thong_may_moc_thiet_bi-300x197.jpg\" width=\"300\" height=\"197\" alt=\"\"\/><span class=\"rl-gallery-caption\"><span class=\"rl-gallery-item-caption\">M\u00e1y m\u00f3c thi\u1ebft b\u1ecb<\/span><\/span><\/a><\/div><div class=\"rl-gallery-item\"><a href=\"https:\/\/humexco.com.vn\/wp-content\/uploads\/2021\/06\/dsc_0647.jpg\" title=\"L\u00f2 luy\u1ec7n x\u1ec9 titan\" data-rl_title=\"L\u00f2 luy\u1ec7n x\u1ec9 titan\" class=\"rl-gallery-link\" data-rl_caption=\"\" data-rel=\"lightbox-gallery-1\"><img loading=\"lazy\" decoding=\"async\" src=\"https:\/\/humexco.com.vn\/wp-content\/uploads\/2021\/06\/dsc_0647-300x168.jpg\" width=\"300\" height=\"168\" alt=\"\"\/><span class=\"rl-gallery-caption\"><span class=\"rl-gallery-item-caption\">L\u00f2 luy\u1ec7n x\u1ec9 titan<\/span><\/span><\/a><\/div> <\/div> <\/div>\n","protected":false},"excerpt":{"rendered":"<p>Activity images<\/p>\n","protected":false},"author":1,"featured_media":0,"parent":0,"menu_order":0,"comment_status":"closed","ping_status":"closed","template":"","meta":{"footnotes":""},"class_list":["post-290","page","type-page","status-publish","hentry"],"yoast_head":"<!-- This site is optimized with the Yoast SEO plugin v25.3.1 - https:\/\/yoast.com\/wordpress\/plugins\/seo\/ -->\n<title>News &amp; Events - C\u00f4ng ty C\u1ed5 Ph\u1ea7n Kho\u00e1ng S\u1ea3n Th\u1eeba Thi\u00ean Hu\u1ebf<\/title>\n<meta name=\"robots\" content=\"index, follow, max-snippet:-1, max-image-preview:large, max-video-preview:-1\" \/>\n<link rel=\"canonical\" href=\"https:\/\/humexco.com.vn\/thu-vien-hinh-anh\/\" \/>\n<meta property=\"og:locale\" content=\"en_US\" \/>\n<meta property=\"og:type\" content=\"article\" \/>\n<meta property=\"og:title\" content=\"News &amp; Events - C\u00f4ng ty C\u1ed5 Ph\u1ea7n Kho\u00e1ng S\u1ea3n Th\u1eeba Thi\u00ean Hu\u1ebf\" \/>\n<meta property=\"og:description\" content=\"Activity images\" \/>\n<meta property=\"og:url\" content=\"https:\/\/humexco.com.vn\/thu-vien-hinh-anh\/\" \/>\n<meta property=\"og:site_name\" content=\"C\u00f4ng ty C\u1ed5 Ph\u1ea7n Kho\u00e1ng S\u1ea3n Th\u1eeba Thi\u00ean Hu\u1ebf\" \/>\n<meta name=\"twitter:card\" content=\"summary_large_image\" \/>\n<meta name=\"twitter:label1\" content=\"Est. reading time\" \/>\n\t<meta name=\"twitter:data1\" content=\"1 minute\" \/>\n<script type=\"application\/ld+json\" class=\"yoast-schema-graph\">{\"@context\":\"https:\/\/schema.org\",\"@graph\":[{\"@type\":\"WebPage\",\"@id\":\"https:\/\/humexco.com.vn\/thu-vien-hinh-anh\/\",\"url\":\"https:\/\/humexco.com.vn\/thu-vien-hinh-anh\/\",\"name\":\"News & Events - C\u00f4ng ty C\u1ed5 Ph\u1ea7n Kho\u00e1ng S\u1ea3n Th\u1eeba Thi\u00ean Hu\u1ebf\",\"isPartOf\":{\"@id\":\"https:\/\/humexco.com.vn\/#website\"},\"datePublished\":\"2021-06-28T10:23:38+00:00\",\"inLanguage\":\"en-US\",\"potentialAction\":[{\"@type\":\"ReadAction\",\"target\":[\"https:\/\/humexco.com.vn\/thu-vien-hinh-anh\/\"]}]},{\"@type\":\"WebSite\",\"@id\":\"https:\/\/humexco.com.vn\/#website\",\"url\":\"https:\/\/humexco.com.vn\/\",\"name\":\"C\u00f4ng ty C\u1ed5 Ph\u1ea7n Kho\u00e1ng S\u1ea3n Th\u1eeba Thi\u00ean Hu\u1ebf\",\"description\":\"C\u00f4ng ty C\u1ed5 Ph\u1ea7n Kho\u00e1ng S\u1ea3n Th\u1eeba Thi\u00ean Hu\u1ebf\",\"potentialAction\":[{\"@type\":\"SearchAction\",\"target\":{\"@type\":\"EntryPoint\",\"urlTemplate\":\"https:\/\/humexco.com.vn\/?s={search_term_string}\"},\"query-input\":{\"@type\":\"PropertyValueSpecification\",\"valueRequired\":true,\"valueName\":\"search_term_string\"}}],\"inLanguage\":\"en-US\"}]}<\/script>\n<!-- \/ Yoast SEO plugin. -->","yoast_head_json":{"title":"News & Events - C\u00f4ng ty C\u1ed5 Ph\u1ea7n Kho\u00e1ng S\u1ea3n Th\u1eeba Thi\u00ean Hu\u1ebf","robots":{"index":"index","follow":"follow","max-snippet":"max-snippet:-1","max-image-preview":"max-image-preview:large","max-video-preview":"max-video-preview:-1"},"canonical":"https:\/\/humexco.com.vn\/thu-vien-hinh-anh\/","og_locale":"en_US","og_type":"article","og_title":"News & Events - C\u00f4ng ty C\u1ed5 Ph\u1ea7n Kho\u00e1ng S\u1ea3n Th\u1eeba Thi\u00ean Hu\u1ebf","og_description":"Activity images","og_url":"https:\/\/humexco.com.vn\/thu-vien-hinh-anh\/","og_site_name":"C\u00f4ng ty C\u1ed5 Ph\u1ea7n Kho\u00e1ng S\u1ea3n Th\u1eeba Thi\u00ean Hu\u1ebf","twitter_card":"summary_large_image","twitter_misc":{"Est. reading time":"1 minute"},"schema":{"@context":"https:\/\/schema.org","@graph":[{"@type":"WebPage","@id":"https:\/\/humexco.com.vn\/thu-vien-hinh-anh\/","url":"https:\/\/humexco.com.vn\/thu-vien-hinh-anh\/","name":"News & Events - C\u00f4ng ty C\u1ed5 Ph\u1ea7n Kho\u00e1ng S\u1ea3n Th\u1eeba Thi\u00ean Hu\u1ebf","isPartOf":{"@id":"https:\/\/humexco.com.vn\/#website"},"datePublished":"2021-06-28T10:23:38+00:00","inLanguage":"en-US","potentialAction":[{"@type":"ReadAction","target":["https:\/\/humexco.com.vn\/thu-vien-hinh-anh\/"]}]},{"@type":"WebSite","@id":"https:\/\/humexco.com.vn\/#website","url":"https:\/\/humexco.com.vn\/","name":"C\u00f4ng ty C\u1ed5 Ph\u1ea7n Kho\u00e1ng S\u1ea3n Th\u1eeba Thi\u00ean Hu\u1ebf","description":"C\u00f4ng ty C\u1ed5 Ph\u1ea7n Kho\u00e1ng S\u1ea3n Th\u1eeba Thi\u00ean Hu\u1ebf","potentialAction":[{"@type":"SearchAction","target":{"@type":"EntryPoint","urlTemplate":"https:\/\/humexco.com.vn\/?s={search_term_string}"},"query-input":{"@type":"PropertyValueSpecification","valueRequired":true,"valueName":"search_term_string"}}],"inLanguage":"en-US"}]}},"_links":{"self":[{"href":"https:\/\/humexco.com.vn\/en\/wp-json\/wp\/v2\/pages\/290","targetHints":{"allow":["GET"]}}],"collection":[{"href":"https:\/\/humexco.com.vn\/en\/wp-json\/wp\/v2\/pages"}],"about":[{"href":"https:\/\/humexco.com.vn\/en\/wp-json\/wp\/v2\/types\/page"}],"author":[{"embeddable":true,"href":"https:\/\/humexco.com.vn\/en\/wp-json\/wp\/v2\/users\/1"}],"replies":[{"embeddable":true,"href":"https:\/\/humexco.com.vn\/en\/wp-json\/wp\/v2\/comments?post=290"}],"version-history":[{"count":1,"href":"https:\/\/humexco.com.vn\/en\/wp-json\/wp\/v2\/pages\/290\/revisions"}],"predecessor-version":[{"id":291,"href":"https:\/\/humexco.com.vn\/en\/wp-json\/wp\/v2\/pages\/290\/revisions\/291"}],"wp:attachment":[{"href":"https:\/\/humexco.com.vn\/en\/wp-json\/wp\/v2\/media?parent=290"}],"curies":[{"name":"wp","href":"https:\/\/api.w.org\/{rel}","templated":true}]}}